{"id":2405,"date":"2024-06-11T10:55:26","date_gmt":"2024-06-11T08:55:26","guid":{"rendered":"https:\/\/www.abeln-auto.de\/hyundai\/?page_id=2405"},"modified":"2024-08-21T16:31:20","modified_gmt":"2024-08-21T14:31:20","slug":"zubehoer-shop","status":"publish","type":"page","link":"https:\/\/www.abeln-auto.de\/hyundai\/zubehoer-shop\/","title":{"rendered":"Zubeh\u00f6r-Shop"},"content":{"rendered":"\t\t<div data-elementor-type=\"wp-page\" data-elementor-id=\"2405\" class=\"elementor elementor-2405\" data-elementor-post-type=\"page\">\n\t\t\t\t\t\t<section class=\"elementor-section elementor-top-section elementor-element elementor-element-ab40fe0 intro-banner elementor-section-boxed elementor-section-height-default elementor-section-height-default elementor-invisible\" data-id=\"ab40fe0\" data-element_type=\"section\" data-e-type=\"section\" data-settings=\"{&quot;animation&quot;:&quot;fadeIn&quot;,&quot;background_background&quot;:&quot;classic&quot;}\">\n\t\t\t\t\t\t<div class=\"elementor-container elementor-column-gap-no\">\n\t\t\t\t\t<div class=\"elementor-column elementor-col-100 elementor-top-column elementor-element elementor-element-941957a\" data-id=\"941957a\" data-element_type=\"column\" data-e-type=\"column\">\n\t\t\t<div class=\"elementor-widget-wrap elementor-element-populated\">\n\t\t\t\t\t\t<div class=\"elementor-element elementor-element-ce42bde elementor-widget elementor-widget-parallax-editing-example\" data-id=\"ce42bde\" data-element_type=\"widget\" data-e-type=\"widget\" data-widget_type=\"parallax-editing-example.default\">\n\t\t\t\t<div class=\"elementor-widget-container\">\n\t\t\t\t\t\t\t<!---->\r\n\t\t<!--<div >Description<\/div>-->\r\n\t\t<!--<div ><p>Content<\/p><\/div>-->\r\n\t\t<!--<div>Array\n(\n    [url] => https:\/\/www.abeln-auto.de\/hyundai\/wp-content\/uploads\/2024\/06\/2024-zubehoer-navigator.jpg\n    [id] => 2410\n    [size] => \n    [alt] => Zubeh\u00f6r & R\u00e4der\n    [source] => library\n)\n<\/div>-->\r\n\t\t<div class=\"parallax-mb\"\r\n\t\t     style=\"height:367px;\">\r\n\t\t\t<img\r\n\t\t\t\tsrc=\"https:\/\/www.abeln-auto.de\/hyundai\/wp-content\/uploads\/2024\/06\/2024-zubehoer-navigator.jpg\" alt=\"Bild\"\r\n\t\t\t\tstyle=\"top:-15%;\">\r\n\r\n\t\t\t<div class=\"container parallax-caption-container\">\r\n\t\t\t\t\t\t\t\t\t<h2 >Zubeh\u00f6r & R\u00e4der<\/h2>\r\n\t\t\t\t\t\t\t<\/div>\r\n\t\t<\/div>\r\n\t\t\t\t\t\t<\/div>\n\t\t\t\t<\/div>\n\t\t\t\t<div class=\"elementor-element elementor-element-d9e2f90 elementor-widget elementor-widget-heading\" data-id=\"d9e2f90\" data-element_type=\"widget\" data-e-type=\"widget\" data-widget_type=\"heading.default\">\n\t\t\t\t<div class=\"elementor-widget-container\">\n\t\t\t\t\t<h4 class=\"elementor-heading-title elementor-size-xl\">Unser Zubeh\u00f6r&shy;angebot f\u00fcr Ihren Hyundai<\/h4>\t\t\t\t<\/div>\n\t\t\t\t<\/div>\n\t\t\t\t\t<\/div>\n\t\t<\/div>\n\t\t\t\t\t<\/div>\n\t\t<\/section>\n\t\t\t\t<section class=\"elementor-section elementor-top-section elementor-element elementor-element-e631846 elementor-section-boxed elementor-section-height-default elementor-section-height-default\" data-id=\"e631846\" data-element_type=\"section\" data-e-type=\"section\">\n\t\t\t\t\t\t<div class=\"elementor-container elementor-column-gap-default\">\n\t\t\t\t\t<div class=\"elementor-column elementor-col-100 elementor-top-column elementor-element elementor-element-b2e798a\" data-id=\"b2e798a\" data-element_type=\"column\" data-e-type=\"column\">\n\t\t\t<div class=\"elementor-widget-wrap elementor-element-populated\">\n\t\t\t\t\t\t<div class=\"elementor-element elementor-element-19e3d12 elementor-widget elementor-widget-html\" data-id=\"19e3d12\" data-element_type=\"widget\" data-e-type=\"widget\" data-widget_type=\"html.default\">\n\t\t\t\t<div class=\"elementor-widget-container\">\n\t\t\t\t\t<div class=\"page-middle\" style=\"max-width:1200px; margin: 0px auto;\">\r\n<link href=\"https:\/\/zubehoer-navigator.de\/static\/css\/main.css\" rel=\"stylesheet\">\r\n<div id=\"itt-sl-hpm\" data-dealer-id=\"hyundai_1303\"\r\ndata-environment=\"own\" style=\"width: 100%\"><\/div>\r\n<script src=\"https:\/\/zubehoer-navigator.de\/static\/js\/main.js\"><\/script>\r\n<\/div>\r\n\t\t\t\t<\/div>\n\t\t\t\t<\/div>\n\t\t\t\t\t<\/div>\n\t\t<\/div>\n\t\t\t\t\t<\/div>\n\t\t<\/section>\n\t\t\t\t<\/div>\n\t\t","protected":false},"excerpt":{"rendered":"<p>Zubeh\u00f6r &#038; R\u00e4der Unser Zubeh\u00f6r&shy;angebot f\u00fcr Ihren Hyundai<\/p>\n","protected":false},"author":1,"featured_media":0,"parent":0,"menu_order":0,"comment_status":"closed","ping_status":"closed","template":"elementor_header_footer","meta":{"_acf_changed":false,"footnotes":""},"class_list":["post-2405","page","type-page","status-publish","hentry"],"acf":[],"yoast_head":"<!-- This site is optimized with the Yoast SEO plugin v27.3 - https:\/\/yoast.com\/product\/yoast-seo-wordpress\/ -->\n<title>Zubeh\u00f6r-Shop &#8212; Hyundai Abeln<\/title>\n<meta name=\"robots\" content=\"index, follow, max-snippet:-1, max-image-preview:large, max-video-preview:-1\" \/>\n<link rel=\"canonical\" href=\"https:\/\/www.abeln-auto.de\/hyundai\/zubehoer-shop\/\" \/>\n<meta property=\"og:locale\" content=\"de_DE\" \/>\n<meta property=\"og:type\" content=\"article\" \/>\n<meta property=\"og:title\" content=\"Zubeh\u00f6r-Shop &#8212; Hyundai Abeln\" \/>\n<meta property=\"og:description\" content=\"Zubeh\u00f6r &#038; R\u00e4der Unser Zubeh\u00f6r&shy;angebot f\u00fcr Ihren Hyundai\" \/>\n<meta property=\"og:url\" content=\"https:\/\/www.abeln-auto.de\/hyundai\/zubehoer-shop\/\" \/>\n<meta property=\"og:site_name\" content=\"Hyundai Abeln\" \/>\n<meta property=\"article:publisher\" content=\"https:\/\/www.facebook.com\/pages\/category\/Car-Dealership\/Autohaus-Abeln-Papenburg-418273738682087\/\" \/>\n<meta property=\"article:modified_time\" content=\"2024-08-21T14:31:20+00:00\" \/>\n<meta name=\"twitter:card\" content=\"summary_large_image\" \/>\n<meta name=\"twitter:label1\" content=\"Gesch\u00e4tzte Lesezeit\" \/>\n\t<meta name=\"twitter:data1\" content=\"13\u00a0Minuten\" \/>\n<script type=\"application\/ld+json\" class=\"yoast-schema-graph\">{\"@context\":\"https:\\\/\\\/schema.org\",\"@graph\":[{\"@type\":\"WebPage\",\"@id\":\"https:\\\/\\\/www.abeln-auto.de\\\/hyundai\\\/zubehoer-shop\\\/\",\"url\":\"https:\\\/\\\/www.abeln-auto.de\\\/hyundai\\\/zubehoer-shop\\\/\",\"name\":\"Zubeh\u00f6r-Shop &#8212; Hyundai Abeln\",\"isPartOf\":{\"@id\":\"https:\\\/\\\/www.abeln-auto.de\\\/hyundai\\\/#website\"},\"datePublished\":\"2024-06-11T08:55:26+00:00\",\"dateModified\":\"2024-08-21T14:31:20+00:00\",\"breadcrumb\":{\"@id\":\"https:\\\/\\\/www.abeln-auto.de\\\/hyundai\\\/zubehoer-shop\\\/#breadcrumb\"},\"inLanguage\":\"de\",\"potentialAction\":[{\"@type\":\"ReadAction\",\"target\":[\"https:\\\/\\\/www.abeln-auto.de\\\/hyundai\\\/zubehoer-shop\\\/\"]}]},{\"@type\":\"BreadcrumbList\",\"@id\":\"https:\\\/\\\/www.abeln-auto.de\\\/hyundai\\\/zubehoer-shop\\\/#breadcrumb\",\"itemListElement\":[{\"@type\":\"ListItem\",\"position\":1,\"name\":\"Startseite\",\"item\":\"https:\\\/\\\/www.abeln-auto.de\\\/hyundai\\\/\"},{\"@type\":\"ListItem\",\"position\":2,\"name\":\"Zubeh\u00f6r-Shop\"}]},{\"@type\":\"WebSite\",\"@id\":\"https:\\\/\\\/www.abeln-auto.de\\\/hyundai\\\/#website\",\"url\":\"https:\\\/\\\/www.abeln-auto.de\\\/hyundai\\\/\",\"name\":\"Hyundai Autohaus Abeln GmbH\",\"description\":\"Das Hyundai Autohaus in Papenburg\",\"publisher\":{\"@id\":\"https:\\\/\\\/www.abeln-auto.de\\\/hyundai\\\/#organization\"},\"alternateName\":\"Hyundai Abeln\",\"potentialAction\":[{\"@type\":\"SearchAction\",\"target\":{\"@type\":\"EntryPoint\",\"urlTemplate\":\"https:\\\/\\\/www.abeln-auto.de\\\/hyundai\\\/?s={search_term_string}\"},\"query-input\":{\"@type\":\"PropertyValueSpecification\",\"valueRequired\":true,\"valueName\":\"search_term_string\"}}],\"inLanguage\":\"de\"},{\"@type\":\"Organization\",\"@id\":\"https:\\\/\\\/www.abeln-auto.de\\\/hyundai\\\/#organization\",\"name\":\"Hyundai Autohaus Abeln GmbH\",\"url\":\"https:\\\/\\\/www.abeln-auto.de\\\/hyundai\\\/\",\"logo\":{\"@type\":\"ImageObject\",\"inLanguage\":\"de\",\"@id\":\"https:\\\/\\\/www.abeln-auto.de\\\/hyundai\\\/#\\\/schema\\\/logo\\\/image\\\/\",\"url\":\"\",\"contentUrl\":\"\",\"caption\":\"Hyundai Autohaus Abeln GmbH\"},\"image\":{\"@id\":\"https:\\\/\\\/www.abeln-auto.de\\\/hyundai\\\/#\\\/schema\\\/logo\\\/image\\\/\"},\"sameAs\":[\"https:\\\/\\\/www.facebook.com\\\/pages\\\/category\\\/Car-Dealership\\\/Autohaus-Abeln-Papenburg-418273738682087\\\/\"]}]}<\/script>\n<!-- \/ Yoast SEO plugin. -->","yoast_head_json":{"title":"Zubeh\u00f6r-Shop &#8212; Hyundai Abeln","robots":{"index":"index","follow":"follow","max-snippet":"max-snippet:-1","max-image-preview":"max-image-preview:large","max-video-preview":"max-video-preview:-1"},"canonical":"https:\/\/www.abeln-auto.de\/hyundai\/zubehoer-shop\/","og_locale":"de_DE","og_type":"article","og_title":"Zubeh\u00f6r-Shop &#8212; Hyundai Abeln","og_description":"Zubeh\u00f6r &#038; R\u00e4der Unser Zubeh\u00f6r&shy;angebot f\u00fcr Ihren Hyundai","og_url":"https:\/\/www.abeln-auto.de\/hyundai\/zubehoer-shop\/","og_site_name":"Hyundai Abeln","article_publisher":"https:\/\/www.facebook.com\/pages\/category\/Car-Dealership\/Autohaus-Abeln-Papenburg-418273738682087\/","article_modified_time":"2024-08-21T14:31:20+00:00","twitter_card":"summary_large_image","twitter_misc":{"Gesch\u00e4tzte Lesezeit":"13\u00a0Minuten"},"schema":{"@context":"https:\/\/schema.org","@graph":[{"@type":"WebPage","@id":"https:\/\/www.abeln-auto.de\/hyundai\/zubehoer-shop\/","url":"https:\/\/www.abeln-auto.de\/hyundai\/zubehoer-shop\/","name":"Zubeh\u00f6r-Shop &#8212; Hyundai Abeln","isPartOf":{"@id":"https:\/\/www.abeln-auto.de\/hyundai\/#website"},"datePublished":"2024-06-11T08:55:26+00:00","dateModified":"2024-08-21T14:31:20+00:00","breadcrumb":{"@id":"https:\/\/www.abeln-auto.de\/hyundai\/zubehoer-shop\/#breadcrumb"},"inLanguage":"de","potentialAction":[{"@type":"ReadAction","target":["https:\/\/www.abeln-auto.de\/hyundai\/zubehoer-shop\/"]}]},{"@type":"BreadcrumbList","@id":"https:\/\/www.abeln-auto.de\/hyundai\/zubehoer-shop\/#breadcrumb","itemListElement":[{"@type":"ListItem","position":1,"name":"Startseite","item":"https:\/\/www.abeln-auto.de\/hyundai\/"},{"@type":"ListItem","position":2,"name":"Zubeh\u00f6r-Shop"}]},{"@type":"WebSite","@id":"https:\/\/www.abeln-auto.de\/hyundai\/#website","url":"https:\/\/www.abeln-auto.de\/hyundai\/","name":"Hyundai Autohaus Abeln GmbH","description":"Das Hyundai Autohaus in Papenburg","publisher":{"@id":"https:\/\/www.abeln-auto.de\/hyundai\/#organization"},"alternateName":"Hyundai Abeln","potentialAction":[{"@type":"SearchAction","target":{"@type":"EntryPoint","urlTemplate":"https:\/\/www.abeln-auto.de\/hyundai\/?s={search_term_string}"},"query-input":{"@type":"PropertyValueSpecification","valueRequired":true,"valueName":"search_term_string"}}],"inLanguage":"de"},{"@type":"Organization","@id":"https:\/\/www.abeln-auto.de\/hyundai\/#organization","name":"Hyundai Autohaus Abeln GmbH","url":"https:\/\/www.abeln-auto.de\/hyundai\/","logo":{"@type":"ImageObject","inLanguage":"de","@id":"https:\/\/www.abeln-auto.de\/hyundai\/#\/schema\/logo\/image\/","url":"","contentUrl":"","caption":"Hyundai Autohaus Abeln GmbH"},"image":{"@id":"https:\/\/www.abeln-auto.de\/hyundai\/#\/schema\/logo\/image\/"},"sameAs":["https:\/\/www.facebook.com\/pages\/category\/Car-Dealership\/Autohaus-Abeln-Papenburg-418273738682087\/"]}]}},"_links":{"self":[{"href":"https:\/\/www.abeln-auto.de\/hyundai\/wp-json\/wp\/v2\/pages\/2405","targetHints":{"allow":["GET"]}}],"collection":[{"href":"https:\/\/www.abeln-auto.de\/hyundai\/wp-json\/wp\/v2\/pages"}],"about":[{"href":"https:\/\/www.abeln-auto.de\/hyundai\/wp-json\/wp\/v2\/types\/page"}],"author":[{"embeddable":true,"href":"https:\/\/www.abeln-auto.de\/hyundai\/wp-json\/wp\/v2\/users\/1"}],"replies":[{"embeddable":true,"href":"https:\/\/www.abeln-auto.de\/hyundai\/wp-json\/wp\/v2\/comments?post=2405"}],"version-history":[{"count":14,"href":"https:\/\/www.abeln-auto.de\/hyundai\/wp-json\/wp\/v2\/pages\/2405\/revisions"}],"predecessor-version":[{"id":2431,"href":"https:\/\/www.abeln-auto.de\/hyundai\/wp-json\/wp\/v2\/pages\/2405\/revisions\/2431"}],"wp:attachment":[{"href":"https:\/\/www.abeln-auto.de\/hyundai\/wp-json\/wp\/v2\/media?parent=2405"}],"curies":[{"name":"wp","href":"https:\/\/api.w.org\/{rel}","templated":true}]}}